{"id":1657,"date":"2017-03-11T14:11:23","date_gmt":"2017-03-11T14:11:23","guid":{"rendered":"https:\/\/themes.themeenergy.com\/bookyourtravel\/?page_id=11"},"modified":"2026-02-17T03:17:42","modified_gmt":"2026-02-17T03:17:42","slug":"home","status":"publish","type":"page","link":"https:\/\/awesometourguide.com\/","title":{"rendered":"Home"},"content":{"rendered":"<p>&amp;lt;br \/&amp;gt;&amp;lt;div style=&#8221;position: absolute; left: -9966px;&#8221;&amp;gt;&amp;lt;p&amp;gt;\u0424\u0440\u0438\u0441\u043f\u0438\u043d\u044b \u0432 &amp;lt;a href=&#8221;https:\/\/school-azamatov.ru\/ru-2\/&#8221;&amp;gt;\u041f\u0438\u043d\u043a\u043e \u043a\u0430\u0437\u0438\u043d\u043e&amp;lt;\/a&amp;gt; \u043f\u043e\u043c\u043e\u0433\u0430\u044e\u0442 \u0443\u0432\u0435\u043b\u0438\u0447\u0438\u0442\u044c \u0448\u0430\u043d\u0441\u044b \u043d\u0430 \u0432\u044b\u0438\u0433\u0440\u044b\u0448.&amp;lt;\/p&amp;gt;&amp;lt;\/div&amp;gt;&amp;lt;div style=&#8221;position: absolute; left: -9966px;&#8221;&amp;gt;&amp;lt;p&amp;gt;&amp;lt;a href=&#8221;https:\/\/threesistersofshineyrock.com\/&#8221;&amp;gt;Pinco&amp;lt;\/a&amp;gt; Casino T\u00fcrkiye 2025&amp;lt;\/p&amp;gt;&amp;lt;\/div&amp;gt;&amp;lt;a href=&#8221;https:\/\/przepisnaszycie.pl\/&#8221;&amp;gt;Mostbet kasyno&amp;lt;\/a&amp;gt; oferuje szerok\u0105 gam\u0119 zak\u0142ad\u00f3w sportowych na wydarzenia z ca\u0142ego \u015bwiata.&amp;lt;div style=&#8221;position: absolute; left: -9966px;&#8221;&amp;gt;&amp;lt;p&amp;gt;Les &amp;lt;a href=&#8221;https:\/\/entr2marches.com\/&#8221;&amp;gt;meilleurs casinos en ligne&amp;lt;\/a&amp;gt; sont compatibles avec des jeux en 3D pour une exp\u00e9rience plus immersive.&amp;lt;\/p&amp;gt;&amp;lt;\/div&amp;gt;&amp;lt;div style=&#8221;position: absolute; left: -9966px;&#8221;&amp;gt;&amp;lt;p&amp;gt;&amp;lt;a href=&#8221;https:\/\/www.hepjazz.com\/&#8221;&amp;gt;Mostbet casino&amp;lt;\/a&amp;gt;&amp;lt;\/p&amp;gt;&amp;lt;\/div&amp;gt;&amp;lt;div style=&#8221;position: absolute; left: -9966px;&#8221;&amp;gt;&amp;lt;p&amp;gt;Players can set personal limits to promote responsible play at &amp;lt;a href=&#8221;https:\/\/glory-casino.animalcityinc.com\/&#8221;&amp;gt;Glory Casino&amp;lt;\/a&amp;gt;.&amp;lt;\/p&amp;gt;&amp;lt;\/div&amp;gt;Minimum bahis miktarlar\u0131n\u0131n d\u00fc\u015f\u00fck olmas\u0131 &amp;lt;a href=&#8221;https:\/\/mikeandmorley.com\/&#8221;&amp;gt;Aviator oyna&amp;lt;\/a&amp;gt; se\u00e7ene\u011fini her b\u00fct\u00e7eye uygun hale getirir.&amp;lt;div style=&#8221;position: absolute; left: -9966px;&#8221;&amp;gt;&amp;lt;p&amp;gt;&amp;lt;a href=&#8221;https:\/\/www.mpwhi.com\/&#8221;&amp;gt;1win&amp;lt;\/a&amp;gt; casino&amp;lt;\/p&amp;gt;&amp;lt;\/div&amp;gt;&amp;lt;div style=&#8221;position: absolute; left: -9966px;&#8221;&amp;gt;    &amp;lt;p&amp;gt;\u041f\u0440\u043e\u043c\u043e\u043a\u043e\u0434\u044b \u043d\u0430 &amp;lt;a href=&#8221;https:\/\/polisaevo.ru\/&#8221;&amp;gt;1\u0445\u0431\u0435\u0442&amp;lt;\/a&amp;gt; \u0434\u0430\u044e\u0442 \u0432\u043e\u0437\u043c\u043e\u0436\u043d\u043e\u0441\u0442\u044c \u0438\u0433\u0440\u0430\u0442\u044c \u0431\u0435\u0437 \u0440\u0438\u0441\u043a\u0430.&amp;lt;\/p&amp;gt;&amp;lt;\/div&amp;gt;&amp;lt;div style=&#8221;position: absolute; left: -9966px;&#8221;&amp;gt;&amp;lt;p&amp;gt;\u0422\u044b\u0441\u044f\u0447\u0438 \u043f\u043e\u043b\u044c\u0437\u043e\u0432\u0430\u0442\u0435\u043b\u0435\u0439 \u0434\u043e\u0432\u0435\u0440\u044f\u044e\u0442 &amp;lt;a href=&#8221;https:\/\/lip2.ru\/sports\/judo&#8221;&amp;gt;\u041a\u0435\u043d\u0442 \u043a\u0430\u0437\u0438\u043d\u043e&amp;lt;\/a&amp;gt; \u043a\u0430\u0436\u0434\u044b\u0439 \u0434\u0435\u043d\u044c.&amp;lt;\/p&amp;gt;&amp;lt;\/div&amp;gt;&amp;lt;div style=&#8221;position: absolute; left: -9966px;&#8221;&amp;gt;&amp;lt;p&amp;gt;&amp;lt;a href=&#8221;https:\/\/dopdfwn.com\/&#8221;&amp;gt;1xbet&amp;lt;\/a&amp;gt; \u064a\u0642\u062f\u0645 \u062e\u064a\u0627\u0631\u0627\u062a \u0648\u0627\u0633\u0639\u0629 \u0644\u0639\u0634\u0627\u0642 \u0643\u0631\u0629 \u0627\u0644\u0642\u062f\u0645 \u0627\u0644\u0645\u0635\u0631\u064a\u0629.&amp;lt;\/p&amp;gt;&amp;lt;\/div&amp;gt;&amp;lt;div style=&#8221;position: absolute; left: -9966px;&#8221;&amp;gt;&amp;lt;p&amp;gt;\u062a\u0642\u062f\u0645 \u0645\u0646\u0635\u0629 &amp;lt;a href=&#8221;https:\/\/onexbet-egypt.com\/&#8221;&amp;gt;1xbet&amp;lt;\/a&amp;gt; \u062a\u062c\u0631\u0628\u0629 \u0645\u0631\u0627\u0647\u0646\u0629 \u0627\u062d\u062a\u0631\u0627\u0641\u064a\u0629.&amp;lt;\/p&amp;gt;&amp;lt;\/div&amp;gt;&amp;lt;div style=&#8221;position: absolute; left: -9966px;&#8221;&amp;gt;&amp;lt;p&amp;gt;&amp;lt;a href=&#8221;https:\/\/pentagon.kz\/&#8221;&amp;gt;pin-up&amp;lt;\/a&amp;gt; \u043a\u0430\u0437\u0438\u043d\u043e kz&amp;lt;\/p&amp;gt;&amp;lt;\/div&amp;gt;&amp;lt;div style=&#8221;overflow: hidden; height: 1px; width: 1px;&#8221;&amp;gt;&amp;lt;h2&amp;gt;Kingmaker AT \u2013 Majest\u00e4tisches Online-Gaming&amp;lt;\/h2&amp;gt;<br \/>\n&amp;lt;p&amp;gt;&amp;lt;a href=&#8221;https:\/\/kingmaker-at.at\/&#8221;&amp;gt;Kingmaker Casino&amp;lt;\/a&amp;gt; ist der perfekte Ort f\u00fcr alle, die k\u00f6nigliche Behandlung sch\u00e4tzen. Von Slots bis Live-Casino ist alles vorhanden.&amp;lt;\/p&amp;gt;<br \/>\n&amp;lt;p&amp;gt;Die Benutzeroberfl\u00e4che ist elegant gestaltet und erm\u00f6glicht einfache Navigation zu allen Spielkategorien.&amp;lt;\/p&amp;gt;&amp;lt;\/div&amp;gt;&amp;lt;div style=&#8221;position: absolute; left: -9966px;&#8221;&amp;gt;&amp;lt;p&amp;gt;&amp;lt;a href=&#8221;https:\/\/www.brooklynbarmenus.com\/&#8221;&amp;gt;pin-up&amp;lt;\/a&amp;gt; casino Az\u0259rbaycanda&amp;lt;\/p&amp;gt;&amp;lt;\/div&amp;gt;&amp;lt;div style=&#8221;position: absolute; left: -9966px;&#8221;&amp;gt;&amp;lt;p&amp;gt;Anche un piccolo versamento pu\u00f2 essere sufficiente per iniziare con il &amp;lt;a href=&#8221;portcitybrewbus.com&#8221;&amp;gt;miglior Plinko&amp;lt;\/a&amp;gt; disponibile.&amp;lt;\/p&amp;gt;&amp;lt;\/div&amp;gt;&amp;lt;div style=&#8221;position: absolute; left: -9966px;&#8221;&amp;gt;&amp;lt;p&amp;gt;&amp;lt;a href=&#8221;https:\/\/hotel-stary-mlyn.com\/&#8221;&amp;gt;Plinko&amp;lt;\/a&amp;gt; CZ&amp;lt;\/p&amp;gt;&amp;lt;\/div&amp;gt;&lt;div style=&#8221;overflow:hidden;height:1px;&#8221;&gt;&lt;a href=&#8221;https:\/\/chuklpukaa.net\/&#8221;&gt;Chupakabra&lt;\/a&gt;&lt;\/div&gt;&lt;div style=&#8221;position: absolute; left: -9966px;&#8221;&gt;&lt;p&gt;Se cerchi i &lt;a href=&#8221;https:\/\/fermiliceobrindisi.it\/&#8221;&gt;migliori casino non AAMS&lt;\/a&gt;, non perdere tempo, gioca subito in Italia!&lt;\/p&gt;&lt;\/div&gt;&lt;div style=&#8221;position: absolute; left: -9966px;&#8221;&gt;&lt;p&gt;Instant deposits let players start gaming right away at &lt;a href=&#8221;https:\/\/sfsomba.org\/&#8221;&gt;Glory Casino&lt;\/a&gt;.&lt;\/p&gt;&lt;\/div&gt;&lt;div style=&#8221;position: absolute; left: -9966px;&#8221;&gt;&lt;p&gt;\u0411\u043e\u043d\u0443\u0441\u043d\u044b\u0435 \u043f\u0440\u0435\u0434\u043b\u043e\u0436\u0435\u043d\u0438\u044f \u0432 &lt;a href=&#8221;https:\/\/pkrest.ru\/&#8221;&gt;\u041f\u0438\u043d\u043a\u043e \u043a\u0430\u0437\u0438\u043d\u043e&lt;\/a&gt; \u0440\u0435\u0433\u0443\u043b\u044f\u0440\u043d\u043e \u043e\u0431\u043d\u043e\u0432\u043b\u044f\u044e\u0442\u0441\u044f.&lt;\/p&gt;&lt;\/div&gt;&lt;div style=&#8221;position: absolute; left: -9966px;&#8221;&gt;&lt;p&gt;Immer mehr Spieler machen gute &lt;a href=&#8221;https:\/\/abendkleid-leipzig.de\/&#8221;&gt;sportwetten ohne oasis erfahrungen&lt;\/a&gt;. Die einfache Nutzung \u00fcberzeugt viele Wettfreunde.&lt;\/p&gt;&lt;\/div&gt;&lt;div style=&#8221;position: absolute; left: -9966px;&#8221;&gt;&lt;p&gt;Yeni ba\u015flayanlar &lt;a href=&#8221;https:\/\/hampshirekitesurfing.com\/&#8221;&gt;Pin Up&lt;\/a&gt; qeydiyyat prosesini asanl\u0131qla tamamlay\u0131r.&lt;\/p&gt;&lt;\/div&gt;<br \/>\n&lt;div style=&#8221;position: absolute; left: -70719px;&#8221;&gt; &lt;h2&gt;Casinos online em Portugal e a evolu\u00e7\u00e3o do jogo digital&lt;\/h2&gt;<br \/>\n&lt;p&gt;Os casinos online legais em Portugal representam hoje uma das formas mais completas de entretenimento digital. Para facilitar a escolha do melhor casino online portugu\u00eas, a nossa equipa realizou uma an\u00e1lise detalhada de plataformas licenciadas pelo SRIJ e operadores internacionais.&lt;\/p&gt;<br \/>\n&lt;p&gt;O update de fevereiro de 2026 destaca casinos seguros, com grandes b\u00f3nus e levantamentos r\u00e1pidos atrav\u00e9s de MB Way, garantindo uma experi\u00eancia moderna e eficiente. Diferente dos casinos f\u00edsicos, os casinos online conseguem hospedar milhares de jogos num \u00fanico ambiente virtual.&lt;\/p&gt;<br \/>\n&lt;p&gt;Slots continuam a ser o s\u00edmbolo dos casinos, mas os jogadores portugueses valorizam cada vez mais a diversidade. Jogos de mesa como roleta, blackjack e bacar\u00e1 coexistem com poker, sic bo e at\u00e9 bingo e raspadinhas digitais.&lt;\/p&gt;<br \/>\n&lt;p&gt;Nos &lt;a href=&#8221;https:\/\/melhorportugalcasino.com\/pt\/jogos-de-azar\/casinos\/&#8221;&gt;casinos portugueses&lt;\/a&gt;, tamb\u00e9m \u00e9 poss\u00edvel aceder a live casinos, onde dealers reais conduzem os jogos em tempo real. Esta experi\u00eancia aumenta o realismo e cria uma liga\u00e7\u00e3o direta entre o jogador e o jogo, refor\u00e7ando a confian\u00e7a nos casinos online em Portugal.&lt;\/p&gt;<br \/>\n&lt;\/html&gt; &lt;\/div&gt;<br \/>\n<span style=\"position: absolute; left: -9655px; width: 1px; height: 1px;\"><br \/> <a href=\"https:\/\/fortune-tiger-demo-play.com\/ru\/\" title=\"fortune tiger demo \u0438\u0433\u0440\u0430\u0442\u044c\" target=\"_blank\" rel=\"noopener\">fortune tiger demo \u0438\u0433\u0440\u0430\u0442\u044c<\/a><br \/> <\/span><\/p>\n<div style=\"overflow:hidden;height:1px;\"><a href=\"https:\/\/chupakabra.com\/\">Chupakabra style<\/a><\/div>\n<div style=\"position: absolute; left: -9966px;\">\n<p><a href=\"https:\/\/saut.kz\/\">\u043f\u0438\u043d \u0430\u043f<\/a> \u043a\u0430\u0437\u0438\u043d\u043e<\/p>\n<\/div>\n<div style=\"position: absolute; left: -9966px;\">\n<p>Pulsuz f?rlanma kampaniyalar?ndan yararlanmaq ucun <a href=\"https:\/\/towingstamford.com\/\">Pin Up<\/a> s?hif?sin? daxil ol.<\/p>\n<\/div>\n<div style=\"position: absolute; left: -9966px;\">\n<p>\u041f\u0440\u043e\u043c\u043e\u043a\u043e\u0434\u044b \u043d\u0430 <a href=\"https:\/\/drkbrb.ru\/platnye-uslugi\/\/\">Mostbet<\/a> \u0434\u043e\u0441\u0442\u0443\u043f\u043d\u044b \u0432 \u043b\u044e\u0431\u043e\u0435 \u0432\u0440\u0435\u043c\u044f.<\/p>\n<\/div>\n<div style=\"position: absolute; left: -9966px;\">\n<p>Le piattaforme cripto-friendly supportano il <a href=\"https:\/\/coronatest-schiphol.com\/\">Plinko Go<\/a> con pagamenti rapidi.<\/p>\n<\/div>\n<div style=\"position: absolute; left: -9966px;\">\n<p>J\u00e4mf\u00f6r <a href=\"https:\/\/badcinderellabroadway.com\/\">casino utan svensk licens<\/a> f\u00f6r snabb start och tydliga regler.<\/p>\n<\/div>\n","protected":false},"excerpt":{"rendered":"<p>&amp;lt;br \/&amp;gt;&amp;lt;div style=&#8221;position: absolute; left: -9966px;&#8221;&amp;gt;&amp;lt;p&amp;gt;\u0424\u0440\u0438\u0441\u043f\u0438\u043d\u044b \u0432 &amp;lt;a href=&#8221;https:\/\/school-azamatov.ru\/ru-2\/&#8221;&amp;gt;\u041f\u0438\u043d\u043a\u043e \u043a\u0430\u0437\u0438\u043d\u043e&amp;lt;\/a&amp;gt; \u043f\u043e\u043c\u043e\u0433\u0430\u044e\u0442 \u0443\u0432\u0435\u043b\u0438\u0447\u0438\u0442\u044c \u0448\u0430\u043d\u0441\u044b \u043d\u0430 \u0432\u044b\u0438\u0433\u0440\u044b\u0448.&amp;lt;\/p&amp;gt;&amp;lt;\/div&amp;gt;&amp;lt;div style=&#8221;position: absolute; left: -9966px;&#8221;&amp;gt;&amp;lt;p&amp;gt;&amp;lt;a href=&#8221;https:\/\/threesistersofshineyrock.com\/&#8221;&amp;gt;Pinco&amp;lt;\/a&amp;gt; Casino T\u00fcrkiye 2025&amp;lt;\/p&amp;gt;&amp;lt;\/div&amp;gt;&amp;lt;a href=&#8221;https:\/\/przepisnaszycie.pl\/&#8221;&amp;gt;Mostbet kasyno&amp;lt;\/a&amp;gt; oferuje szerok\u0105 gam\u0119 zak\u0142ad\u00f3w sportowych na wydarzenia z ca\u0142ego \u015bwiata.&amp;lt;div style=&#8221;position: absolute; left: -9966px;&#8221;&amp;gt;&amp;lt;p&amp;gt;Les &amp;lt;a href=&#8221;https:\/\/entr2marches.com\/&#8221;&amp;gt;meilleurs casinos en ligne&amp;lt;\/a&amp;gt; sont compatibles avec des jeux en 3D pour une exp\u00e9rience plus [&hellip;]<\/p>\n","protected":false},"author":1,"featured_media":0,"parent":0,"menu_order":0,"comment_status":"closed","ping_status":"closed","template":"byt_home.php","meta":{"footnotes":""},"class_list":["post-1657","page","type-page","status-publish","hentry"],"_links":{"self":[{"href":"https:\/\/awesometourguide.com\/index.php?rest_route=\/wp\/v2\/pages\/1657","targetHints":{"allow":["GET"]}}],"collection":[{"href":"https:\/\/awesometourguide.com\/index.php?rest_route=\/wp\/v2\/pages"}],"about":[{"href":"https:\/\/awesometourguide.com\/index.php?rest_route=\/wp\/v2\/types\/page"}],"author":[{"embeddable":true,"href":"https:\/\/awesometourguide.com\/index.php?rest_route=\/wp\/v2\/users\/1"}],"replies":[{"embeddable":true,"href":"https:\/\/awesometourguide.com\/index.php?rest_route=%2Fwp%2Fv2%2Fcomments&post=1657"}],"version-history":[{"count":33,"href":"https:\/\/awesometourguide.com\/index.php?rest_route=\/wp\/v2\/pages\/1657\/revisions"}],"predecessor-version":[{"id":36209,"href":"https:\/\/awesometourguide.com\/index.php?rest_route=\/wp\/v2\/pages\/1657\/revisions\/36209"}],"wp:attachment":[{"href":"https:\/\/awesometourguide.com\/index.php?rest_route=%2Fwp%2Fv2%2Fmedia&parent=1657"}],"curies":[{"name":"wp","href":"https:\/\/api.w.org\/{rel}","templated":true}]}}